{"id":16464,"date":"2016-10-27T07:12:10","date_gmt":"2016-10-27T07:12:10","guid":{"rendered":"https:\/\/www.ionoleggioauto.com\/book\/"},"modified":"2017-08-06T09:04:27","modified_gmt":"2017-08-06T09:04:27","slug":"book","status":"publish","type":"page","link":"https:\/\/www.ionoleggioauto.com\/tr\/book\/","title":{"rendered":"Sonu\u00e7lar | Ionoleggioauto.com&#8217;da d\u00fc\u015f\u00fck fiyatlarla araba kiralay\u0131n"},"content":{"rendered":"<style>\r\n\r\n.engine_container {\r\n    \/\/ context for this element is 16px\r\n    font-size: 0.813em; \/\/ Computes to 13px\r\n  }\r\n\r\nhtml a, html .ct-link {\r\n    color: #744c71;\r\n   \r\n    outline: 0;\r\n    line-height: inherit;\r\n    text-decoration: inherit !important;\r\n}\r\n.ct-modal-container li,html li{padding-bottom:.207em;list-style:none!important;margin: 0px;\r\n}\r\nhtml li {\r\n     padding-bottom: 0;\r\n    list-style: none outside !important;\r\n}\r\n.ct-app-ready {\r\n    background: #eee !important;\r\n    border-radius: 8px;\r\n}\r\n#ct-container, .ct-modal-container {\r\n \r\n    padding: 10px;\r\n}\r\n#ct-container li, .ct-modal-container li {\r\n       padding-bottom: 6px;\r\n    list-style: none !important;\r\n    margin: 2px;\r\n}\r\n<\/style>\r\n\r\n\r\n      \r\n\r\n<div ct-app><noscript>YOUR BROWSER DOES NOT SUPPORT JAVASCRIPT<\/noscript><\/div>\r\n\r\n\r\n       <script>\r\n      \/\/ Load CSS.\r\nvar CT = {\r\n  ABE: {\r\n\t\r\n            Settings: {\r\n              \r\n              clientID: '849679',\r\n     \r\n language: 'TR',\r\n     theme:  {\r\n        primary: \"#294a70\",\r\n        secondary: \"#294a70\", \r\n        complimentary: \"#294a70\" \r\n      } ,              \r\n      \r\n\r\n        advancedOptions: {\r\n          currency:true,\r\n           age:true,\r\n            \r\n            email: true\r\n           \r\n \r\n        },\r\nevents: {\r\n                ready: function (event, status, data, api) {\r\n                    \/\/ Place your code here.\r\n                },\r\n                searchcars: function(event, status, data, api) {\r\n                    if ( status == 'success' ) {\r\n                        dataLayer.push({\r\n                            'event': 'searchcars'\r\n                        });\r\n                    }\r\n                },\r\n                vehicles: function(event, status, data, api) {\r\n                    if ( status === 'success') {\r\n                        dataLayer.push({\r\n                            'event': 'vehicles',\r\n\r\n                            'pickupID': data.searchData.pickup.id,\r\n                            'pickupLocation': data.searchData.pickup.location,\r\n                            'pickupDate': data.searchData.pickup.date,\r\n                            'pickupTime': data.searchData.pickup.hour,\r\n                            'pickupCountry': data.searchData.pickup.country,\r\n\r\n                            'returnID': data.searchData.dropoff.id,\r\n                            'returnLocation': data.searchData.dropoff.location,\r\n                            'returnDate': data.searchData.dropoff.date,\r\n                            'returnTime': data.searchData.dropoff.hour,\r\n                            'returnCountry': data.searchData.pickup.country,\r\n\r\n                            'age': data.searchData.driverAge,\r\n                            'currency': data.searchData.currency,\r\n                            'residenceID': data.searchData.residence,\r\n                        });\r\n                    }\r\n                },\r\n                vehicle: function(event, status, data, api) {\r\n                    if ( status === 'success') {\r\n                        dataLayer.push({\r\n                            'event': 'vehicle',\r\n                            'pickupLocation': data.searchData.pickup.location,\r\n                            'pickupCountry': data.searchData.pickup.country,\r\n                            'currency': data.searchData.currency,\r\n                            'residence': data.searchData.residence,\r\n                            'price': data.vehicleData.amount.price\r\n                        });\r\n                    }\r\n                },\r\n                details: function (event, status, data, api) {\r\n                    if ( status === 'success') {\r\n                        dataLayer.push({\r\n                            'event': 'details'\r\n                        });\r\n                    }\r\n                },\r\n                payment: function (event, status, data, api) {\r\n                    if ( status == 'success' ) {\r\n                        dataLayer.push({\r\n                            'event': 'payment'\r\n                        });\r\n                    }\r\n                },\r\n                  confirmation: function(event, status, data, api) {\r\n                    if ( status == 'success' ) {\r\n                        dataLayer.push({\r\n                            'event': 'confirmation',\r\n                            'pickupLocation': data.searchData.pickup.location,\r\n                            'pickupCountry': data.searchData.pickup.country,\r\n                            'residence': data.searchData.residence,\r\n                            'sipp': data.vehicleData.code,\r\n                            'currency': data.searchData.currency,\r\n                            'price': data.vehicleData.amount.price,\r\n                            'insuranceBought': data.vehicleData.insurance.selected\r\n                        });\r\n                        \r\n                         \/\/ Post Affiliate Pro integration snippet\r\n                        var sale = PostAffTracker.createSale();\r\n                        var papPDate = data.searchData.pickup.date_details;\r\n                        var papDDate = data.searchData.dropoff.date_details;\r\n                        sale.setTotalCost(data.vehicleData.amount.totalPrice);\r\n                        sale.setOrderID(data.reservationData.id);\r\n                        sale.setProductID(data.vehicleData.code);\r\n                   \/\/     sale.setData1(data.customerData.fullname);\r\n                  \/\/      sale.setData2(data.customerData.email);\r\n                        sale.setData3(data.searchData.pickup.location);\r\n                        sale.setData4(papPDate.d+'.'+(papPDate.m+1)+'.'+papPDate.y+' '+data.searchData.pickup.hour);\r\n                        sale.setData5(papDDate.d+'.'+(papDDate.m+1)+'.'+papDDate.y+' '+data.searchData.dropoff.hour);\r\n                        if (data.vehicleData.insurance.selected) {\r\n                            sale.setCampaignID('11111111');\r\n                        } else {\r\n                            sale.setCampaignID('498d58ab');\r\n                        }\r\n                       \r\n                        PostAffTracker.register();\r\n                    }\r\n                }\r\n            }\r\n        }\r\n    }\r\n};\r\n\r\n        \/\/ Booking Engine Loader.\r\n        (function() {\r\n            CT.ABE.Settings.version = '5.0';\r\n            var cts = document.createElement('script'); cts.type = 'text\/javascript'; cts.async = true;\r\n            cts.src = '\/\/ajaxgeo.cartrawler.com\/abe' + CT.ABE.Settings.version + '\/ct_loader.js?' + new Date().getTime();\r\n            var s = document.getElementsByTagName('script')[0]; s.parentNode.insertBefore(cts, s);\r\n        })();\r\n    <\/script>\r\n<style>\r\n.entry-header {\r\n\tdisplay: none !important;\r\n}\r\n\r\n.entry-title {\r\n\tdisplay: none !important;\r\n}\r\n<\/style>","protected":false},"excerpt":{"rendered":"","protected":false},"author":1,"featured_media":0,"parent":0,"menu_order":0,"comment_status":"closed","ping_status":"closed","template":"","meta":{"_acf_changed":false,"footnotes":""},"class_list":["post-16464","page","type-page","status-publish","hentry"],"acf":[],"yoast_head":"<!-- This site is optimized with the Yoast SEO plugin v26.9 - https:\/\/yoast.com\/product\/yoast-seo-wordpress\/ -->\n<title>Sonu\u00e7lar | Ionoleggioauto.com&#039;da d\u00fc\u015f\u00fck fiyatlarla araba kiralay\u0131n - www.ionoleggioauto.com<\/title>\n<meta name=\"robots\" content=\"index, follow, max-snippet:-1, max-image-preview:large, max-video-preview:-1\" \/>\n<link rel=\"canonical\" href=\"https:\/\/www.ionoleggioauto.com\/tr\/book\/\" \/>\n<meta property=\"og:locale\" content=\"tr_TR\" \/>\n<meta property=\"og:type\" content=\"article\" \/>\n<meta property=\"og:title\" content=\"Sonu\u00e7lar | Ionoleggioauto.com&#039;da d\u00fc\u015f\u00fck fiyatlarla araba kiralay\u0131n - www.ionoleggioauto.com\" \/>\n<meta property=\"og:url\" content=\"https:\/\/www.ionoleggioauto.com\/tr\/book\/\" \/>\n<meta property=\"og:site_name\" content=\"www.ionoleggioauto.com\" \/>\n<meta property=\"article:publisher\" content=\"https:\/\/www.facebook.com\/ionoleggioautoit\/\" \/>\n<meta property=\"article:modified_time\" content=\"2017-08-06T09:04:27+00:00\" \/>\n<meta property=\"og:image\" content=\"https:\/\/www.ionoleggioauto.com\/wp-content\/uploads\/2018\/02\/logoionoleggioauto.png?nopolish=1\" \/>\n\t<meta property=\"og:image:width\" content=\"800\" \/>\n\t<meta property=\"og:image:height\" content=\"800\" \/>\n\t<meta property=\"og:image:type\" content=\"image\/png\" \/>\n<meta name=\"twitter:card\" content=\"summary_large_image\" \/>\n<meta name=\"twitter:site\" content=\"@ionoleggioauto\" \/>\n<script type=\"application\/ld+json\" class=\"yoast-schema-graph\">{\"@context\":\"https:\/\/schema.org\",\"@graph\":[{\"@type\":\"WebPage\",\"@id\":\"https:\/\/www.ionoleggioauto.com\/tr\/book\/\",\"url\":\"https:\/\/www.ionoleggioauto.com\/tr\/book\/\",\"name\":\"Sonu\u00e7lar | Ionoleggioauto.com'da d\u00fc\u015f\u00fck fiyatlarla araba kiralay\u0131n - www.ionoleggioauto.com\",\"isPartOf\":{\"@id\":\"https:\/\/www.ionoleggioauto.com\/#website\"},\"datePublished\":\"2016-10-27T07:12:10+00:00\",\"dateModified\":\"2017-08-06T09:04:27+00:00\",\"breadcrumb\":{\"@id\":\"https:\/\/www.ionoleggioauto.com\/tr\/book\/#breadcrumb\"},\"inLanguage\":\"tr\",\"potentialAction\":[{\"@type\":\"ReadAction\",\"target\":[\"https:\/\/www.ionoleggioauto.com\/tr\/book\/\"]}]},{\"@type\":\"BreadcrumbList\",\"@id\":\"https:\/\/www.ionoleggioauto.com\/tr\/book\/#breadcrumb\",\"itemListElement\":[{\"@type\":\"ListItem\",\"position\":1,\"name\":\"Home\",\"item\":\"https:\/\/www.ionoleggioauto.com\/tr\/\"},{\"@type\":\"ListItem\",\"position\":2,\"name\":\"Sonu\u00e7lar | Ionoleggioauto.com&#8217;da d\u00fc\u015f\u00fck fiyatlarla araba kiralay\u0131n\"}]},{\"@type\":\"WebSite\",\"@id\":\"https:\/\/www.ionoleggioauto.com\/#website\",\"url\":\"https:\/\/www.ionoleggioauto.com\/\",\"name\":\"www.ionoleggioauto.com\",\"description\":\"Confronta le Tariffe di Autonoleggio sul Web\",\"publisher\":{\"@id\":\"https:\/\/www.ionoleggioauto.com\/#organization\"},\"potentialAction\":[{\"@type\":\"SearchAction\",\"target\":{\"@type\":\"EntryPoint\",\"urlTemplate\":\"https:\/\/www.ionoleggioauto.com\/?s={search_term_string}\"},\"query-input\":{\"@type\":\"PropertyValueSpecification\",\"valueRequired\":true,\"valueName\":\"search_term_string\"}}],\"inLanguage\":\"tr\"},{\"@type\":\"Organization\",\"@id\":\"https:\/\/www.ionoleggioauto.com\/#organization\",\"name\":\"www.ionoleggioauto.com\",\"url\":\"https:\/\/www.ionoleggioauto.com\/\",\"logo\":{\"@type\":\"ImageObject\",\"inLanguage\":\"tr\",\"@id\":\"https:\/\/www.ionoleggioauto.com\/#\/schema\/logo\/image\/\",\"url\":\"https:\/\/www.ionoleggioauto.com\/wp-content\/uploads\/2020\/04\/logo_ionoleggioauto-1.png\",\"contentUrl\":\"https:\/\/www.ionoleggioauto.com\/wp-content\/uploads\/2020\/04\/logo_ionoleggioauto-1.png\",\"width\":300,\"height\":73,\"caption\":\"www.ionoleggioauto.com\"},\"image\":{\"@id\":\"https:\/\/www.ionoleggioauto.com\/#\/schema\/logo\/image\/\"},\"sameAs\":[\"https:\/\/www.facebook.com\/ionoleggioautoit\/\",\"https:\/\/x.com\/ionoleggioauto\",\"https:\/\/www.instagram.com\/ionoleggioauto\/\",\"https:\/\/www.linkedin.com\/company\/ionoleggioauto\",\"https:\/\/it.pinterest.com\/andreaguerra80\/ionoleggioauto_com\/\"]}]}<\/script>\n<!-- \/ Yoast SEO plugin. -->","yoast_head_json":{"title":"Sonu\u00e7lar | Ionoleggioauto.com'da d\u00fc\u015f\u00fck fiyatlarla araba kiralay\u0131n - www.ionoleggioauto.com","robots":{"index":"index","follow":"follow","max-snippet":"max-snippet:-1","max-image-preview":"max-image-preview:large","max-video-preview":"max-video-preview:-1"},"canonical":"https:\/\/www.ionoleggioauto.com\/tr\/book\/","og_locale":"tr_TR","og_type":"article","og_title":"Sonu\u00e7lar | Ionoleggioauto.com'da d\u00fc\u015f\u00fck fiyatlarla araba kiralay\u0131n - www.ionoleggioauto.com","og_url":"https:\/\/www.ionoleggioauto.com\/tr\/book\/","og_site_name":"www.ionoleggioauto.com","article_publisher":"https:\/\/www.facebook.com\/ionoleggioautoit\/","article_modified_time":"2017-08-06T09:04:27+00:00","og_image":[{"width":800,"height":800,"url":"https:\/\/www.ionoleggioauto.com\/wp-content\/uploads\/2018\/02\/logoionoleggioauto.png?nopolish=1","type":"image\/png"}],"twitter_card":"summary_large_image","twitter_site":"@ionoleggioauto","schema":{"@context":"https:\/\/schema.org","@graph":[{"@type":"WebPage","@id":"https:\/\/www.ionoleggioauto.com\/tr\/book\/","url":"https:\/\/www.ionoleggioauto.com\/tr\/book\/","name":"Sonu\u00e7lar | Ionoleggioauto.com'da d\u00fc\u015f\u00fck fiyatlarla araba kiralay\u0131n - www.ionoleggioauto.com","isPartOf":{"@id":"https:\/\/www.ionoleggioauto.com\/#website"},"datePublished":"2016-10-27T07:12:10+00:00","dateModified":"2017-08-06T09:04:27+00:00","breadcrumb":{"@id":"https:\/\/www.ionoleggioauto.com\/tr\/book\/#breadcrumb"},"inLanguage":"tr","potentialAction":[{"@type":"ReadAction","target":["https:\/\/www.ionoleggioauto.com\/tr\/book\/"]}]},{"@type":"BreadcrumbList","@id":"https:\/\/www.ionoleggioauto.com\/tr\/book\/#breadcrumb","itemListElement":[{"@type":"ListItem","position":1,"name":"Home","item":"https:\/\/www.ionoleggioauto.com\/tr\/"},{"@type":"ListItem","position":2,"name":"Sonu\u00e7lar | Ionoleggioauto.com&#8217;da d\u00fc\u015f\u00fck fiyatlarla araba kiralay\u0131n"}]},{"@type":"WebSite","@id":"https:\/\/www.ionoleggioauto.com\/#website","url":"https:\/\/www.ionoleggioauto.com\/","name":"www.ionoleggioauto.com","description":"Confronta le Tariffe di Autonoleggio sul Web","publisher":{"@id":"https:\/\/www.ionoleggioauto.com\/#organization"},"potentialAction":[{"@type":"SearchAction","target":{"@type":"EntryPoint","urlTemplate":"https:\/\/www.ionoleggioauto.com\/?s={search_term_string}"},"query-input":{"@type":"PropertyValueSpecification","valueRequired":true,"valueName":"search_term_string"}}],"inLanguage":"tr"},{"@type":"Organization","@id":"https:\/\/www.ionoleggioauto.com\/#organization","name":"www.ionoleggioauto.com","url":"https:\/\/www.ionoleggioauto.com\/","logo":{"@type":"ImageObject","inLanguage":"tr","@id":"https:\/\/www.ionoleggioauto.com\/#\/schema\/logo\/image\/","url":"https:\/\/www.ionoleggioauto.com\/wp-content\/uploads\/2020\/04\/logo_ionoleggioauto-1.png","contentUrl":"https:\/\/www.ionoleggioauto.com\/wp-content\/uploads\/2020\/04\/logo_ionoleggioauto-1.png","width":300,"height":73,"caption":"www.ionoleggioauto.com"},"image":{"@id":"https:\/\/www.ionoleggioauto.com\/#\/schema\/logo\/image\/"},"sameAs":["https:\/\/www.facebook.com\/ionoleggioautoit\/","https:\/\/x.com\/ionoleggioauto","https:\/\/www.instagram.com\/ionoleggioauto\/","https:\/\/www.linkedin.com\/company\/ionoleggioauto","https:\/\/it.pinterest.com\/andreaguerra80\/ionoleggioauto_com\/"]}]}},"_links":{"self":[{"href":"https:\/\/www.ionoleggioauto.com\/tr\/wp-json\/wp\/v2\/pages\/16464","targetHints":{"allow":["GET"]}}],"collection":[{"href":"https:\/\/www.ionoleggioauto.com\/tr\/wp-json\/wp\/v2\/pages"}],"about":[{"href":"https:\/\/www.ionoleggioauto.com\/tr\/wp-json\/wp\/v2\/types\/page"}],"author":[{"embeddable":true,"href":"https:\/\/www.ionoleggioauto.com\/tr\/wp-json\/wp\/v2\/users\/1"}],"replies":[{"embeddable":true,"href":"https:\/\/www.ionoleggioauto.com\/tr\/wp-json\/wp\/v2\/comments?post=16464"}],"version-history":[{"count":0,"href":"https:\/\/www.ionoleggioauto.com\/tr\/wp-json\/wp\/v2\/pages\/16464\/revisions"}],"wp:attachment":[{"href":"https:\/\/www.ionoleggioauto.com\/tr\/wp-json\/wp\/v2\/media?parent=16464"}],"curies":[{"name":"wp","href":"https:\/\/api.w.org\/{rel}","templated":true}]}}