{"id":16481,"date":"2016-05-06T12:29:13","date_gmt":"2016-05-06T12:29:13","guid":{"rendered":"https:\/\/www.ionoleggioauto.com\/prenota-un-volo\/"},"modified":"2018-05-25T13:07:40","modified_gmt":"2018-05-25T13:07:40","slug":"reservez-un-vol","status":"publish","type":"page","link":"https:\/\/www.ionoleggioauto.com\/fr\/reservez-un-vol\/","title":{"rendered":"R\u00e9servez un vol"},"content":{"rendered":"<img decoding=\"async\" src=\"https:\/\/www.ionoleggioauto.com\/wp-content\/uploads\/2016\/05\/flight.jpg\" title=\"Confronto prezzi voli\" alt=\"Confronto prezzi voli\" width=\"1920\" height=\"509\" class=\"aligncenter\" size-full wp-image-2388\"  id=\"sfondolino\"  \/>\r\n<div class=\"titoloprincipale\">R\u00e9servez votre vol!<\/div>\r\n<div class=\"secondotitoloprincipale\">Comparer les prix de toutes les agences de voyages en ligne \u00e0 travers le monde.Le meilleur prix garanti r\u00e9servations facile et s\u00fbr!<\/div>\r\n<table width=\"320px\" style=\"background-image: url(https:\/\/www.ionoleggioauto.com\/wp-content\/uploads\/2016\/03\/background-engine.png);\r\n\tpadding: 10px;\r\n\tmin-height: 360px;\r\n\t-webkit-border-radius: 10px;\r\n\tborder-radius: 10px;\r\n\tbackground-clip: padding-box;\" align=\"center\"><\/p>\r\n<tbody>\r\n<tr>\r\n<td width=\"320px\" align=\"left\" style=\"padding: 20px 20px 20px 20px;\"><span style=\"font-face: verdana; font-size: 24px; color: #288ce1;\">Rechercher un vol<\/span>\r\n <script charset=\"utf-8\" src=\"\/\/www.travelpayouts.com\/widgets\/d990d3851435063e10d15f86b0d2a4c1.js?v=1002\" async><\/script><\/td>\r\n<\/tr>\r\n<\/table>\r\n <style>\r\n#fot, x:-moz-any-link {\r\n                width:100%;\r\n            height:auto;               \r\n background-color: transparent;\r\npadding: 21px;\r\n}\r\n \r\n<\/style>\r\n<div id=\"fot\">&nbsp;<\/div>\r\n\r\n<br><br>[tp_our_site_search_shortcodes  title=&#8221;Les vols les plus recherch\u00e9s sur notre site&#8221; limit=100 paginate=true stops=0 one_way=false  subid=&#8221;&#8221;  currency=&#8221;EUR&#8221;]\r\n<br>\r\n<table border=\"0\" class=\"responsive\" width=\"890px\" align=\"center\">\r\n<tr>\r\n<td width=\"100%\" align=\"center\" style=\"vertical-align: top;\">\r\n<script type=\"text\/javascript\">\r\nvar uri = 'https:\/\/impit.tradedoubler.com\/imp?type(img)g(23830626)a(2960533)' + new String (Math.random()).substring (2, 11);\r\ndocument.write('<a href=\"https:\/\/clk.tradedoubler.com\/click?p=277862&#038;a=2960533&#038;g=23830626\" target=\"_BLANK\"><img decoding=\"async\" src=\"https:\/\/www.ionoleggioauto.com\/fr\/reservez-un-vol\/\" border=0><\/a>');\r\n<\/script>\r\n<\/td>\r\n<\/tr>\r\n<\/table>\r\n<table width=\"100%\" border=\"0\" class=\"responsive\">\r\n<tr>\r\n<td>\r\n<span style=\"font-face: verdana; font-size: 24px; color: #288ce1;\">Offres de vols sur la carte<\/span><br>\r\n<p><span style=\"font-family: Verdana; color: #000000;\">La carte de vol \u00e0 bas prix est l&#8217;outil pour d\u00e9couvrir toutes les routes disponibles depuis les compagnies a\u00e9riennes vers et depuis une destination. <\/span><\/p>\r\n<p><span style=\"font-family: Verdana; color: #000000;\">Avec la carte des vols \u00e0 bas prix, vous pouvez trouver o\u00f9 voler, si vous cherchez des prix comp\u00e9titifs. <\/span><\/p>\r\n<p><span style=\"font-family: Verdana; color: #000000;\">Fixer le prix correspondant \u00e0 votre budget. Sur la carte, vous verrez \u00ab active \u00bb que les a\u00e9roports dont il y a des vols pour ce prix. S\u00e9lectionnez l&#8217;a\u00e9roport de d\u00e9part en cliquant sur la carte ou en choisissant dans le menu d\u00e9roulant &#8220;D\u00e9part&#8221;: sur la carte, vous verrez les a\u00e9roports \u00e0 partir de ce d\u00e9part tout en restant dans votre budget!\u00a0<\/span><\/p>\r\n<p style=\"text-align: center;\"><iframe src=\"\/\/maps.avs.io\/flights\/?auto_fit_map=true&#038;hide_sidebar=true&#038;hide_reformal=true&#038;disable_googlemaps_ui=true&#038;zoom=3&#038;show_filters_icon=true&#038;redirect_on_click=true&#038;small_spinner=true&#038;hide_logo=true&#038;direct=false&#038;lines_type=TpLines&#038;cluster_manager=TpWidgetClusterManager&#038;marker=88643.map&#038;show_tutorial=false&#038;locale=it&#038;host=trip.ionoleggioauto.com%2Fmap&#038;origin_iata=ROM\" width=\"100%\" height=\"250px\" scrolling=\"no\" frameborder=\"0\"><\/iframe><\/p>\r\n<h3><span style=\"font-family: Verdana; color: #000000;\">Recherchez votre vol <\/span><\/h3>\r\n<p><span style=\"font-family: Verdana; color: #000000;\">Aller \u00e0 <\/span><a style=\"color: #288ce4;\" href=\"http:\/\/trip.ionoleggioauto.com\/map?locale=it&#038;origin_iata=ROM\" target=\"_blank\"><strong><span style=\"font-family: Verdana; color: #288ce4;\">Rechercher sur la carte<\/span><\/strong><\/a><span style=\"font-family: Verdana; color: #000000;\"> pour trouver la destination la moins ch\u00e8re.<\/span><\/p>\r\n<p>&nbsp;<\/p>\r\n\r\n<table border=\"0\" class=\"responsive\" width=\"100%\" align=\"center\">\r\n<tr>\r\n<td width=\"100%\" align=\"center\" style=\"vertical-align: top;\">\r\n<script type=\"text\/javascript\">\r\nvar uri = 'https:\/\/impit.tradedoubler.com\/imp?type(js)g(23723812)a(2960533)' + new String (Math.random()).substring (2, 11);\r\ndocument.write('<sc'+'ript type=\"text\/javascript\" src=\"'+uri+'\" charset=\"\"><\/sc'+'ript>');\r\n<\/script>\r\n<\/td>\r\n<\/tr>\r\n<\/table>\r\n\r\n<br><br>\r\n<span style=\"font-face: verdana; font-size: 24px; color: #288ce1;\">Calendrier des offres de vol<\/span><br>\r\n<span style=\"font-family: Verdana; color: #000000;\">Vous voulez conna\u00eetre la combinaison des dates les plus avantageuses pour votre voyage? Avec notre horaire de vol, vous pouvez maintenant le faire.\r\nUtilisez le calendrier de vol ci-dessous et effectuer les vols de recherche: en haut de la page vous trouverez une table de calendrier qui verra les prix de votre vol ou \u00e0 la date que vous avez s\u00e9lectionn\u00e9 qu&#8217;en plus t\u00f4t et plus tard, vous pouvez effectuer une recherche par mois ou ann\u00e9e , Ou si vous choisissez un vol A \/ R, vous pouvez s\u00e9lectionner la plage de jours pour la dur\u00e9e de votre voyage.<\/span>\r\n<span style=\"font-family: Verdana; color: #000000;\">\r\nLe tableau met en \u00e9vidence les combinaisons de dates les plus pratiques en vert, puis celles que vous \u00e9conomiserez par rapport aux dates que vous avez choisies. Alors que les dates que vous d\u00e9pensez le plus sont grises, mais toujours avec les prix les plus bas.<\/span>\r\n \r\n<span style=\"font-family: Verdana; color: #000000;\">\r\nD\u00e8s que vous cliquez sur le volet Combinaison de dates qui vous int\u00e9resse, le moteur de recherche v\u00e9rifiera que votre liste de prix est encore disponible.<\/span>\r\n\r\n<script src=\"\/\/www.travelpayouts.com\/calendar_widget\/iframe.js?marker=88643.&#038;origin=MIL&#038;destination=NYC&#038;currency=eur&#038;searchUrl=trip.ionoleggioauto.com%2Fflights&#038;one_way=false&#038;only_direct=false&#038;locale=it&#038;period=year&#038;range=7%2C14\" async><\/script>\r\n<\/td>\r\n<\/tr>\r\n<\/table><br>\r\n<table border=\"0\" class=\"responsive\" width=\"890px\" align=\"center\">\r\n<tr>\r\n<td width=\"100%\" align=\"center\" style=\"vertical-align: top;\">\r\n<script type=\"text\/javascript\">\r\nvar uri = 'https:\/\/impit.tradedoubler.com\/imp?type(img)g(21316734)a(2960533)' + new String (Math.random()).substring (2, 11);\r\ndocument.write('<a href=\"https:\/\/clk.tradedoubler.com\/click?p=238374&#038;a=2960533&#038;g=21316734\" target=\"_BLANK\"><img decoding=\"async\" src=\"https:\/\/www.ionoleggioauto.com\/fr\/reservez-un-vol\/\" border=0><\/a>');\r\n<\/script>\r\n\r\n<\/td>\r\n<\/tr>\r\n<\/table>\r\n<br>\r\n<h1><span  style=\"font-size: 28px; color: #006cb7;\">  Les destinations les plus recherch\u00e9es  <\/span> <\/h1>\r\n<table border=\"0\" class=\"responsive\" width=\"890px\" align=\"center\">\r\n<tr>\r\n<td width=\"25%\" align=\"left\" style=\"vertical-align: top;\">\r\n<script async src=\"\/\/www.travelpayouts.com\/weedle\/widget.js?marker=88643&#038;host=trip.ionoleggioauto.com&#038;locale=it&#038;currency=eur&#038;destination=MIL&#038;destination_name=Milano\" charset=\"UTF-8\"><\/script>\r\n<\/td>\r\n<td width=\"5px\">&nbsp;<\/td>\r\n<td width=\"25%\" align=\"left\" style=\"vertical-align: top;\">\r\n<script async src=\"\/\/www.travelpayouts.com\/weedle\/widget.js?marker=88643&#038;host=trip.ionoleggioauto.com&#038;locale=it&#038;currency=eur&#038;destination=NYC&#038;destination_name=New%20York%2C%20NY\"  charset=\"UTF-8\"><\/script>\r\n<\/td>\r\n<td width=\"5px\">&nbsp;<\/td>\r\n<td width=\"25%\" align=\"left\" style=\"vertical-align: top;\">\r\n<script async src=\"\/\/www.travelpayouts.com\/weedle\/widget.js?marker=88643&#038;host=trip.ionoleggioauto.com&#038;locale=it&#038;currency=eur&#038;destination=DEL&#038;destination_name=New%20Delhi\" charset=\"UTF-8\"><\/script>\r\n<\/td>\r\n<td width=\"5px\">&nbsp;<\/td>\r\n<td width=\"25%\" align=\"left\" style=\"vertical-align: top;\">\r\n<script async src=\"\/\/www.travelpayouts.com\/weedle\/widget.js?marker=88643&#038;host=trip.ionoleggioauto.com&#038;locale=it&#038;currency=eur&#038;destination=AMS&#038;destination_name=Amsterdam\" charset=\"UTF-8\"><\/script>\r\n<\/td>\r\n<\/tr>\r\n<tr>\r\n<td colspan=\"7\" width=\"100%\">&nbsp;<\/td>\r\n<\/tr>\r\n<tr>\r\n<td width=\"25%\" align=\"left\" style=\"vertical-align: top;\">\r\n<script async src=\"\/\/www.travelpayouts.com\/weedle\/widget.js?marker=88643&#038;host=trip.ionoleggioauto.com&#038;locale=it&#038;currency=eur&#038;destination=BKK&#038;destination_name=Bangkok\" charset=\"UTF-8\"><\/script>\r\n<\/td>\r\n<td width=\"5px\">&nbsp;<\/td>\r\n<td width=\"25%\" align=\"left\" style=\"vertical-align: top;\">\r\n<script async src=\"\/\/www.travelpayouts.com\/weedle\/widget.js?marker=88643&#038;host=trip.ionoleggioauto.com&#038;locale=it&#038;currency=eur&#038;destination=SHA&#038;destination_name=Shangai\" charset=\"UTF-8\"><\/script>\r\n<\/td>\r\n<td width=\"5px\">&nbsp;<\/td>\r\n<td width=\"25%\" align=\"left\" style=\"vertical-align: top;\">\r\n<script async src=\"\/\/www.travelpayouts.com\/weedle\/widget.js?marker=88643&#038;host=trip.ionoleggioauto.com&#038;locale=it&#038;currency=eur&#038;destination=SYD&#038;destination_name=Sydney\" charset=\"UTF-8\"><\/script>\r\n<\/td>\r\n<td width=\"5px\">&nbsp;<\/td>\r\n<td width=\"25%\" align=\"left\" style=\"vertical-align: top;\">\r\n<script async src=\"\/\/www.travelpayouts.com\/weedle\/widget.js?marker=88643&#038;host=trip.ionoleggioauto.com&#038;locale=it&#038;currency=eur&#038;destination=LON&#038;destination_name=London\" charset=\"UTF-8\"><\/script>\r\n<\/td>\r\n<\/tr>\r\n<\/table>\r\n<p><\/p>\r\n<table border=\"0\" width=\"100%\" align=\"center\">\r\n<tr>\r\n<td width=\"100%\" align=\"center\">\r\n\r\n<script type=\"text\/javascript\">\r\nvar uri = 'https:\/\/impit.tradedoubler.com\/imp?type(img)g(19854404)a(2960533)' + new String (Math.random()).substring (2, 11);\r\ndocument.write('<a href=\"https:\/\/clk.tradedoubler.com\/click?p=207528&#038;a=2960533&#038;g=19854404\" target=\"_BLANK\"><img decoding=\"async\" src=\"https:\/\/www.ionoleggioauto.com\/fr\/reservez-un-vol\/\" border=0><\/a>');\r\n<\/script>\r\n<\/td>\r\n<\/tr>\r\n<\/table>\r\n\r\n<h1><span  style=\"font-size: 28px; color: #006cb7;\">  Offres sp\u00e9ciales des compagnies a\u00e9riennes  <\/span> <\/h1>\r\n<table class=\"\"responsive\" border=\"0\" width=\"100%\" align=\"center\">\r\n<tr>\r\n<td width=\"100%\" align=\"center\">\r\n<script async src=\"\/\/www.travelpayouts.com\/ducklett\/scripts_en.js?widget_type=slider&#038;currency=eur&#038;width=310&#038;host=trip.ionoleggioauto.com%2Fflights&#038;marker=88643.&#038;limit=6\" charset=\"UTF-8\"><\/script>\r\n<\/td>\r\n<\/tr>\r\n<\/table>\r\n\r\n[tp_from_our_city_fly_shortcodes origin=MIL  title=&#8221;Vols low cost de Milan&#8221; limit=100 paginate=true stops=0 one_way=false  subid=&#8221;&#8221;  currency=&#8221;EUR&#8221;]\r\n\r\n<table border=\"0\" class=\"responsive\" width=\"100%\" align=\"center\">\r\n<tr>\r\n<td width=\"100%\" align=\"center\" style=\"vertical-align: top;\">\r\n<p align=\"center\">\r\n<script type=\"text\/javascript\">\r\nvar uri = 'https:\/\/impit.tradedoubler.com\/imp?type(js)g(23950818)a(1734822)' + new String (Math.random()).substring (2, 11);\r\ndocument.write('<sc'+'ript type=\"text\/javascript\" src=\"'+uri+'\" charset=\"\"><\/sc'+'ript>');\r\n<\/script><\/p><\/td>\r\n<\/tr>\r\n<\/table>\r\n<style>\r\n.entry-header {\r\n\tdisplay: none !important;\r\n}\r\n\r\n.entry-title {\r\n\tdisplay: none !important;\r\n}\r\n<\/style>","protected":false},"excerpt":{"rendered":"<p>[tp_from_our_city_fly_shortcodes origin=MIL title=&#8221;Vols low cost de Milan&#8221; limit=100 paginate=true stops=0 one_way=false subid=&#8221;&#8221; currency=&#8221;EUR&#8221;]<\/p>\n","protected":false},"author":1,"featured_media":0,"parent":0,"menu_order":0,"comment_status":"closed","ping_status":"closed","template":"","meta":{"_acf_changed":false,"footnotes":""},"class_list":["post-16481","page","type-page","status-publish","hentry"],"acf":[],"yoast_head":"<!-- This site is optimized with the Yoast SEO plugin v27.5 - https:\/\/yoast.com\/product\/yoast-seo-wordpress\/ -->\n<title>Confronto prezzi voli - ionoleggioauto.com<\/title>\n<meta name=\"description\" content=\"l confronto prezzi Voli n\u00b0 1 nel mondo Confronta i prezzi di tutte le agenzie viaggi online di tutto il mondo. Il miglior prezzo garantito, prenotazioni fac\" \/>\n<meta name=\"robots\" content=\"index, follow, max-snippet:-1, max-image-preview:large, max-video-preview:-1\" \/>\n<link rel=\"canonical\" href=\"https:\/\/www.ionoleggioauto.com\/fr\/reservez-un-vol\/\" \/>\n<meta property=\"og:locale\" content=\"fr_FR\" \/>\n<meta property=\"og:type\" content=\"article\" \/>\n<meta property=\"og:title\" content=\"Confronto prezzi voli - ionoleggioauto.com\" \/>\n<meta property=\"og:description\" content=\"l confronto prezzi Voli n\u00b0 1 nel mondo Confronta i prezzi di tutte le agenzie viaggi online di tutto il mondo. Il miglior prezzo garantito, prenotazioni fac\" \/>\n<meta property=\"og:url\" content=\"https:\/\/www.ionoleggioauto.com\/fr\/reservez-un-vol\/\" \/>\n<meta property=\"og:site_name\" content=\"www.ionoleggioauto.com\" \/>\n<meta property=\"article:publisher\" content=\"https:\/\/www.facebook.com\/ionoleggioautoit\/\" \/>\n<meta property=\"article:modified_time\" content=\"2018-05-25T13:07:40+00:00\" \/>\n<meta property=\"og:image\" content=\"https:\/\/www.ionoleggioauto.com\/wp-content\/uploads\/2016\/05\/flight.jpg?nopolish=1\" \/>\n<meta name=\"twitter:card\" content=\"summary_large_image\" \/>\n<meta name=\"twitter:site\" content=\"@ionoleggioauto\" \/>\n<script type=\"application\/ld+json\" class=\"yoast-schema-graph\">{\"@context\":\"https:\\\/\\\/schema.org\",\"@graph\":[{\"@type\":\"WebPage\",\"@id\":\"https:\\\/\\\/www.ionoleggioauto.com\\\/fr\\\/reservez-un-vol\\\/\",\"url\":\"https:\\\/\\\/www.ionoleggioauto.com\\\/fr\\\/reservez-un-vol\\\/\",\"name\":\"Confronto prezzi voli - ionoleggioauto.com\",\"isPartOf\":{\"@id\":\"https:\\\/\\\/www.ionoleggioauto.com\\\/#website\"},\"primaryImageOfPage\":{\"@id\":\"https:\\\/\\\/www.ionoleggioauto.com\\\/fr\\\/reservez-un-vol\\\/#primaryimage\"},\"image\":{\"@id\":\"https:\\\/\\\/www.ionoleggioauto.com\\\/fr\\\/reservez-un-vol\\\/#primaryimage\"},\"thumbnailUrl\":\"https:\\\/\\\/www.ionoleggioauto.com\\\/wp-content\\\/uploads\\\/2016\\\/05\\\/flight.jpg\",\"datePublished\":\"2016-05-06T12:29:13+00:00\",\"dateModified\":\"2018-05-25T13:07:40+00:00\",\"description\":\"l confronto prezzi Voli n\u00b0 1 nel mondo Confronta i prezzi di tutte le agenzie viaggi online di tutto il mondo. Il miglior prezzo garantito, prenotazioni fac\",\"breadcrumb\":{\"@id\":\"https:\\\/\\\/www.ionoleggioauto.com\\\/fr\\\/reservez-un-vol\\\/#breadcrumb\"},\"inLanguage\":\"fr-FR\",\"potentialAction\":[{\"@type\":\"ReadAction\",\"target\":[\"https:\\\/\\\/www.ionoleggioauto.com\\\/fr\\\/reservez-un-vol\\\/\"]}]},{\"@type\":\"ImageObject\",\"inLanguage\":\"fr-FR\",\"@id\":\"https:\\\/\\\/www.ionoleggioauto.com\\\/fr\\\/reservez-un-vol\\\/#primaryimage\",\"url\":\"https:\\\/\\\/www.ionoleggioauto.com\\\/wp-content\\\/uploads\\\/2016\\\/05\\\/flight.jpg\",\"contentUrl\":\"https:\\\/\\\/www.ionoleggioauto.com\\\/wp-content\\\/uploads\\\/2016\\\/05\\\/flight.jpg\"},{\"@type\":\"BreadcrumbList\",\"@id\":\"https:\\\/\\\/www.ionoleggioauto.com\\\/fr\\\/reservez-un-vol\\\/#breadcrumb\",\"itemListElement\":[{\"@type\":\"ListItem\",\"position\":1,\"name\":\"Home\",\"item\":\"https:\\\/\\\/www.ionoleggioauto.com\\\/fr\\\/\"},{\"@type\":\"ListItem\",\"position\":2,\"name\":\"R\u00e9servez un vol\"}]},{\"@type\":\"WebSite\",\"@id\":\"https:\\\/\\\/www.ionoleggioauto.com\\\/#website\",\"url\":\"https:\\\/\\\/www.ionoleggioauto.com\\\/\",\"name\":\"www.ionoleggioauto.com\",\"description\":\"Confronta le Tariffe di Autonoleggio sul Web\",\"publisher\":{\"@id\":\"https:\\\/\\\/www.ionoleggioauto.com\\\/#organization\"},\"potentialAction\":[{\"@type\":\"SearchAction\",\"target\":{\"@type\":\"EntryPoint\",\"urlTemplate\":\"https:\\\/\\\/www.ionoleggioauto.com\\\/?s={search_term_string}\"},\"query-input\":{\"@type\":\"PropertyValueSpecification\",\"valueRequired\":true,\"valueName\":\"search_term_string\"}}],\"inLanguage\":\"fr-FR\"},{\"@type\":\"Organization\",\"@id\":\"https:\\\/\\\/www.ionoleggioauto.com\\\/#organization\",\"name\":\"www.ionoleggioauto.com\",\"url\":\"https:\\\/\\\/www.ionoleggioauto.com\\\/\",\"logo\":{\"@type\":\"ImageObject\",\"inLanguage\":\"fr-FR\",\"@id\":\"https:\\\/\\\/www.ionoleggioauto.com\\\/#\\\/schema\\\/logo\\\/image\\\/\",\"url\":\"https:\\\/\\\/www.ionoleggioauto.com\\\/wp-content\\\/uploads\\\/2020\\\/04\\\/logo_ionoleggioauto-1.png\",\"contentUrl\":\"https:\\\/\\\/www.ionoleggioauto.com\\\/wp-content\\\/uploads\\\/2020\\\/04\\\/logo_ionoleggioauto-1.png\",\"width\":300,\"height\":73,\"caption\":\"www.ionoleggioauto.com\"},\"image\":{\"@id\":\"https:\\\/\\\/www.ionoleggioauto.com\\\/#\\\/schema\\\/logo\\\/image\\\/\"},\"sameAs\":[\"https:\\\/\\\/www.facebook.com\\\/ionoleggioautoit\\\/\",\"https:\\\/\\\/x.com\\\/ionoleggioauto\",\"https:\\\/\\\/www.instagram.com\\\/ionoleggioauto\\\/\",\"https:\\\/\\\/www.linkedin.com\\\/company\\\/ionoleggioauto\",\"https:\\\/\\\/it.pinterest.com\\\/andreaguerra80\\\/ionoleggioauto_com\\\/\"]}]}<\/script>\n<!-- \/ Yoast SEO plugin. -->","yoast_head_json":{"title":"Confronto prezzi voli - ionoleggioauto.com","description":"l confronto prezzi Voli n\u00b0 1 nel mondo Confronta i prezzi di tutte le agenzie viaggi online di tutto il mondo. Il miglior prezzo garantito, prenotazioni fac","robots":{"index":"index","follow":"follow","max-snippet":"max-snippet:-1","max-image-preview":"max-image-preview:large","max-video-preview":"max-video-preview:-1"},"canonical":"https:\/\/www.ionoleggioauto.com\/fr\/reservez-un-vol\/","og_locale":"fr_FR","og_type":"article","og_title":"Confronto prezzi voli - ionoleggioauto.com","og_description":"l confronto prezzi Voli n\u00b0 1 nel mondo Confronta i prezzi di tutte le agenzie viaggi online di tutto il mondo. Il miglior prezzo garantito, prenotazioni fac","og_url":"https:\/\/www.ionoleggioauto.com\/fr\/reservez-un-vol\/","og_site_name":"www.ionoleggioauto.com","article_publisher":"https:\/\/www.facebook.com\/ionoleggioautoit\/","article_modified_time":"2018-05-25T13:07:40+00:00","og_image":[{"url":"https:\/\/www.ionoleggioauto.com\/wp-content\/uploads\/2016\/05\/flight.jpg?nopolish=1","type":"","width":"","height":""}],"twitter_card":"summary_large_image","twitter_site":"@ionoleggioauto","schema":{"@context":"https:\/\/schema.org","@graph":[{"@type":"WebPage","@id":"https:\/\/www.ionoleggioauto.com\/fr\/reservez-un-vol\/","url":"https:\/\/www.ionoleggioauto.com\/fr\/reservez-un-vol\/","name":"Confronto prezzi voli - ionoleggioauto.com","isPartOf":{"@id":"https:\/\/www.ionoleggioauto.com\/#website"},"primaryImageOfPage":{"@id":"https:\/\/www.ionoleggioauto.com\/fr\/reservez-un-vol\/#primaryimage"},"image":{"@id":"https:\/\/www.ionoleggioauto.com\/fr\/reservez-un-vol\/#primaryimage"},"thumbnailUrl":"https:\/\/www.ionoleggioauto.com\/wp-content\/uploads\/2016\/05\/flight.jpg","datePublished":"2016-05-06T12:29:13+00:00","dateModified":"2018-05-25T13:07:40+00:00","description":"l confronto prezzi Voli n\u00b0 1 nel mondo Confronta i prezzi di tutte le agenzie viaggi online di tutto il mondo. Il miglior prezzo garantito, prenotazioni fac","breadcrumb":{"@id":"https:\/\/www.ionoleggioauto.com\/fr\/reservez-un-vol\/#breadcrumb"},"inLanguage":"fr-FR","potentialAction":[{"@type":"ReadAction","target":["https:\/\/www.ionoleggioauto.com\/fr\/reservez-un-vol\/"]}]},{"@type":"ImageObject","inLanguage":"fr-FR","@id":"https:\/\/www.ionoleggioauto.com\/fr\/reservez-un-vol\/#primaryimage","url":"https:\/\/www.ionoleggioauto.com\/wp-content\/uploads\/2016\/05\/flight.jpg","contentUrl":"https:\/\/www.ionoleggioauto.com\/wp-content\/uploads\/2016\/05\/flight.jpg"},{"@type":"BreadcrumbList","@id":"https:\/\/www.ionoleggioauto.com\/fr\/reservez-un-vol\/#breadcrumb","itemListElement":[{"@type":"ListItem","position":1,"name":"Home","item":"https:\/\/www.ionoleggioauto.com\/fr\/"},{"@type":"ListItem","position":2,"name":"R\u00e9servez un vol"}]},{"@type":"WebSite","@id":"https:\/\/www.ionoleggioauto.com\/#website","url":"https:\/\/www.ionoleggioauto.com\/","name":"www.ionoleggioauto.com","description":"Confronta le Tariffe di Autonoleggio sul Web","publisher":{"@id":"https:\/\/www.ionoleggioauto.com\/#organization"},"potentialAction":[{"@type":"SearchAction","target":{"@type":"EntryPoint","urlTemplate":"https:\/\/www.ionoleggioauto.com\/?s={search_term_string}"},"query-input":{"@type":"PropertyValueSpecification","valueRequired":true,"valueName":"search_term_string"}}],"inLanguage":"fr-FR"},{"@type":"Organization","@id":"https:\/\/www.ionoleggioauto.com\/#organization","name":"www.ionoleggioauto.com","url":"https:\/\/www.ionoleggioauto.com\/","logo":{"@type":"ImageObject","inLanguage":"fr-FR","@id":"https:\/\/www.ionoleggioauto.com\/#\/schema\/logo\/image\/","url":"https:\/\/www.ionoleggioauto.com\/wp-content\/uploads\/2020\/04\/logo_ionoleggioauto-1.png","contentUrl":"https:\/\/www.ionoleggioauto.com\/wp-content\/uploads\/2020\/04\/logo_ionoleggioauto-1.png","width":300,"height":73,"caption":"www.ionoleggioauto.com"},"image":{"@id":"https:\/\/www.ionoleggioauto.com\/#\/schema\/logo\/image\/"},"sameAs":["https:\/\/www.facebook.com\/ionoleggioautoit\/","https:\/\/x.com\/ionoleggioauto","https:\/\/www.instagram.com\/ionoleggioauto\/","https:\/\/www.linkedin.com\/company\/ionoleggioauto","https:\/\/it.pinterest.com\/andreaguerra80\/ionoleggioauto_com\/"]}]}},"_links":{"self":[{"href":"https:\/\/www.ionoleggioauto.com\/fr\/wp-json\/wp\/v2\/pages\/16481","targetHints":{"allow":["GET"]}}],"collection":[{"href":"https:\/\/www.ionoleggioauto.com\/fr\/wp-json\/wp\/v2\/pages"}],"about":[{"href":"https:\/\/www.ionoleggioauto.com\/fr\/wp-json\/wp\/v2\/types\/page"}],"author":[{"embeddable":true,"href":"https:\/\/www.ionoleggioauto.com\/fr\/wp-json\/wp\/v2\/users\/1"}],"replies":[{"embeddable":true,"href":"https:\/\/www.ionoleggioauto.com\/fr\/wp-json\/wp\/v2\/comments?post=16481"}],"version-history":[{"count":0,"href":"https:\/\/www.ionoleggioauto.com\/fr\/wp-json\/wp\/v2\/pages\/16481\/revisions"}],"wp:attachment":[{"href":"https:\/\/www.ionoleggioauto.com\/fr\/wp-json\/wp\/v2\/media?parent=16481"}],"curies":[{"name":"wp","href":"https:\/\/api.w.org\/{rel}","templated":true}]}}