{"id":15926,"date":"2016-03-31T20:49:19","date_gmt":"2016-03-31T20:49:19","guid":{"rendered":"https:\/\/www.ionoleggioauto.com\/do-you-have-a-question\/"},"modified":"2017-07-20T14:52:45","modified_gmt":"2017-07-20T14:52:45","slug":"vous-avez-une-question","status":"publish","type":"page","link":"https:\/\/www.ionoleggioauto.com\/fr\/vous-avez-une-question\/","title":{"rendered":"Vous avez une question?"},"content":{"rendered":"<p><span style=\"font-family: verdana, geneva, sans-serif; font-size: 14px; color: #000000;\">Nous ne sommes pas des fournisseurs directs de location de voiture, mais un moteur de recherche qui compare les tarifs qui vous permettront de trouver le prix le plus bas sur le march\u00e9.<\/span><\/p>\r\n<p><span style=\"font-family: verdana, geneva, sans-serif; font-size: 14px; color: #000000;\">Vous trouverez ci-dessous nos questions fr\u00e9quentes aupr\u00e8s de nos utilisateurs s&#8217;ils ne r\u00e9pondent pas \u00e0 vos besoins ou, si vous avez besoin de plus d&#8217;informations, n&#8217;h\u00e9sitez pas \u00e0 nous contacter en utilisant <strong>Discussion en temps r\u00e9el<\/strong>, Ou \u00e0 travers notre <strong><a style=\"color: #288ce4;\" href=\"https:\/\/www.ionoleggioauto.com\/fr\/contactez-nous\/\">Page de contact<\/a><\/strong>, Ou \u00e0 travers notre <strong>r\u00e9seau social, <\/strong>Ou envoyez-nous un e-mail \u00e0 <strong> <a style=\"color: #288ce4;\" href=\"mailto:info@ionoleggioauto.com\" target=\"_blank\">info@ionoleggioauto.com<\/a><\/strong>.<\/span><\/p>\r\n\r\n<p><span style=\"font-family: verdana, geneva, sans-serif; font-size: 14px; color: #000000;\">Pour d&#8217;autres questions sur la location \u00e0 court terme, <strong><a style=\"color: #288ce4;\" href=\"https:\/\/www.ionoleggioauto.com\/faq.php\" target=\"_blank\">cliquez ici<\/a><\/strong>!<\/span><\/p>\r\n\t\t\t\t\t\t\t<h3 style=\"margin-bottom:20px;display:block;width:100%;margin-top:10px\">Questions fr\u00e9quentes sur la location \u00e0 court terme <\/h3>\r\n\t\t\t\t\t\t<style>\r\n\t\t\t\t<style>\r\n#wpsm_accordion_15911 .wpsm_panel-heading{\r\n\tpadding:0px !important;\r\n}\r\n#wpsm_accordion_15911 .wpsm_panel-title {\r\n\tmargin:0px !important; \r\n\ttext-transform:none !important;\r\n\tline-height: 1 !important;\r\n}\r\n#wpsm_accordion_15911 .wpsm_panel-title a{\r\n\ttext-decoration:none;\r\n\toverflow:hidden;\r\n\tdisplay:block;\r\n\tpadding:0px;\r\n\tfont-size: 16px !important;\r\n\tfont-family: Verdana !important;\r\n\tcolor:#ffffff !important;\r\n\tborder-bottom:0px !important;\r\n}\r\n\r\n#wpsm_accordion_15911 .wpsm_panel-title a:focus {\r\noutline: 0px !important;\r\n}\r\n\r\n#wpsm_accordion_15911 .wpsm_panel-title a:hover, #wpsm_accordion_15911 .wpsm_panel-title a:focus {\r\n\tcolor:#ffffff !important;\r\n}\r\n#wpsm_accordion_15911 .acc-a{\r\n\tcolor: #ffffff !important;\r\n\tbackground-color:#294a70 !important;\r\n\tborder-color: #ddd;\r\n}\r\n#wpsm_accordion_15911 .wpsm_panel-default > .wpsm_panel-heading{\r\n\tcolor: #ffffff !important;\r\n\tbackground-color: #294a70 !important;\r\n\tborder-color: #294a70 !important;\r\n\tborder-top-left-radius: 0px;\r\n\tborder-top-right-radius: 0px;\r\n}\r\n#wpsm_accordion_15911 .wpsm_panel-default {\r\n\t\tborder:1px solid transparent !important;\r\n\t}\r\n#wpsm_accordion_15911 {\r\n\tmargin-bottom: 20px;\r\n\toverflow: hidden;\r\n\tfloat: none;\r\n\twidth: 100%;\r\n\tdisplay: block;\r\n}\r\n#wpsm_accordion_15911 .ac_title_class{\r\n\tdisplay: block;\r\n\tpadding-top: 12px;\r\n\tpadding-bottom: 12px;\r\n\tpadding-left: 15px;\r\n\tpadding-right: 15px;\r\n}\r\n#wpsm_accordion_15911  .wpsm_panel {\r\n\toverflow:hidden;\r\n\t-webkit-box-shadow: 0 0px 0px rgba(0, 0, 0, .05);\r\n\tbox-shadow: 0 0px 0px rgba(0, 0, 0, .05);\r\n\t\tborder-radius: 4px;\r\n\t}\r\n#wpsm_accordion_15911  .wpsm_panel + .wpsm_panel {\r\n\t\tmargin-top: 5px;\r\n\t}\r\n#wpsm_accordion_15911  .wpsm_panel-body{\r\n\tbackground-color:#ffffff !important;\r\n\tcolor:#000000 !important;\r\n\tborder-top-color: #294a70 !important;\r\n\tfont-size:14px !important;\r\n\tfont-family: Verdana !important;\r\n\toverflow: hidden;\r\n\t\tborder: 2px solid #294a70 !important;\r\n\t}\r\n\r\n#wpsm_accordion_15911 .ac_open_cl_icon{\r\n\tbackground-color:#294a70 !important;\r\n\tcolor: #ffffff !important;\r\n\tfloat:right !important;\r\n\tpadding-top: 12px !important;\r\n\tpadding-bottom: 12px !important;\r\n\tline-height: 1.0 !important;\r\n\tpadding-left: 15px !important;\r\n\tpadding-right: 15px !important;\r\n\tdisplay: inline-block !important;\r\n}\r\n\r\n\t\t\t\r\n\t\t\t<\/style>\t\r\n\t\t\t<\/style>\r\n\t\t\t<div class=\"wpsm_panel-group\" id=\"wpsm_accordion_15911\" >\r\n\t\t\t\t\t\t\t<\/div>\r\n\t\t\t\r\n<script type=\"text\/javascript\">\r\n\t\r\n\t\tfunction do_resize(){\r\n\r\n\t\t\tvar width=jQuery( '.wpsm_panel .wpsm_panel-body iframe' ).width();\r\n\t\t\tvar height=jQuery( '.wpsm_panel .wpsm_panel-body iframe' ).height();\r\n\r\n\t\t\tvar toggleSize = true;\r\n\t\t\tjQuery('iframe').animate({\r\n\t\t\t    width: toggleSize ? width : 640,\r\n\t\t\t    height: toggleSize ? height : 360\r\n\t\t\t  }, 250);\r\n\r\n\t\t\t  toggleSize = !toggleSize;\r\n\t\t}\r\n\t\t\r\n<\/script>\t\r\n<table>\r\n<tbody>\r\n<tr>\r\n<td><script src=\"\/\/pagead2.googlesyndication.com\/pagead\/js\/adsbygoogle.js\" async=\"\"><\/script><!-- Pagina singola - 2 (mobile, ionoleggioauto.com) --> <ins class=\"adsbygoogle\" style=\"display: block;\" data-ad-client=\"ca-pub-0390582519109837\" data-ad-slot=\"4413589376\" data-ad-format=\"auto\"><\/ins><script>\/\/ <![CDATA[\r\n(adsbygoogle = window.adsbygoogle || []).push({});\r\n\/\/ ]]><\/script>\u00a0<\/td>\r\n<\/tr>\r\n<\/tbody>\r\n<\/table>","protected":false},"excerpt":{"rendered":"<p>Nous ne sommes pas des fournisseurs directs de location de voiture, mais un moteur de recherche qui compare les tarifs qui vous permettront de trouver le prix le plus bas sur le march\u00e9. Vous trouverez ci-dessous nos questions fr\u00e9quentes aupr\u00e8s <a href=\"https:\/\/www.ionoleggioauto.com\/fr\/?p=15911\" class=\"read-more\">Leggi tutto &#8230;<\/a><\/p>\n","protected":false},"author":1,"featured_media":0,"parent":0,"menu_order":0,"comment_status":"closed","ping_status":"closed","template":"","meta":{"_acf_changed":false,"footnotes":""},"class_list":["post-15926","page","type-page","status-publish","hentry"],"acf":[],"yoast_head":"<!-- This site is optimized with the Yoast SEO plugin v26.9 - https:\/\/yoast.com\/product\/yoast-seo-wordpress\/ -->\n<title>Frequently Asked Questions About Short Term Rental - ionoleggioauto.com<\/title>\n<meta name=\"robots\" content=\"index, follow, max-snippet:-1, max-image-preview:large, max-video-preview:-1\" \/>\n<link rel=\"canonical\" href=\"https:\/\/www.ionoleggioauto.com\/fr\/vous-avez-une-question\/\" \/>\n<meta property=\"og:locale\" content=\"fr_FR\" \/>\n<meta property=\"og:type\" content=\"article\" \/>\n<meta property=\"og:title\" content=\"Frequently Asked Questions About Short Term Rental - ionoleggioauto.com\" \/>\n<meta property=\"og:description\" content=\"Nous ne sommes pas des fournisseurs directs de location de voiture, mais un moteur de recherche qui compare les tarifs qui vous permettront de trouver le prix le plus bas sur le march\u00e9. Vous trouverez ci-dessous nos questions fr\u00e9quentes aupr\u00e8s Leggi tutto ...\" \/>\n<meta property=\"og:url\" content=\"https:\/\/www.ionoleggioauto.com\/fr\/vous-avez-une-question\/\" \/>\n<meta property=\"og:site_name\" content=\"www.ionoleggioauto.com\" \/>\n<meta property=\"article:publisher\" content=\"https:\/\/www.facebook.com\/ionoleggioautoit\/\" \/>\n<meta property=\"article:modified_time\" content=\"2017-07-20T14:52:45+00:00\" \/>\n<meta property=\"og:image\" content=\"https:\/\/www.ionoleggioauto.com\/wp-content\/uploads\/2018\/02\/logoionoleggioauto.png?nopolish=1\" \/>\n\t<meta property=\"og:image:width\" content=\"800\" \/>\n\t<meta property=\"og:image:height\" content=\"800\" \/>\n\t<meta property=\"og:image:type\" content=\"image\/png\" \/>\n<meta name=\"twitter:card\" content=\"summary_large_image\" \/>\n<meta name=\"twitter:site\" content=\"@ionoleggioauto\" \/>\n<meta name=\"twitter:label1\" content=\"Dur\u00e9e de lecture estim\u00e9e\" \/>\n\t<meta name=\"twitter:data1\" content=\"1 minute\" \/>\n<script type=\"application\/ld+json\" class=\"yoast-schema-graph\">{\"@context\":\"https:\/\/schema.org\",\"@graph\":[{\"@type\":\"WebPage\",\"@id\":\"https:\/\/www.ionoleggioauto.com\/fr\/vous-avez-une-question\/\",\"url\":\"https:\/\/www.ionoleggioauto.com\/fr\/vous-avez-une-question\/\",\"name\":\"Frequently Asked Questions About Short Term Rental - ionoleggioauto.com\",\"isPartOf\":{\"@id\":\"https:\/\/www.ionoleggioauto.com\/#website\"},\"datePublished\":\"2016-03-31T20:49:19+00:00\",\"dateModified\":\"2017-07-20T14:52:45+00:00\",\"breadcrumb\":{\"@id\":\"https:\/\/www.ionoleggioauto.com\/fr\/vous-avez-une-question\/#breadcrumb\"},\"inLanguage\":\"fr-FR\",\"potentialAction\":[{\"@type\":\"ReadAction\",\"target\":[\"https:\/\/www.ionoleggioauto.com\/fr\/vous-avez-une-question\/\"]}]},{\"@type\":\"BreadcrumbList\",\"@id\":\"https:\/\/www.ionoleggioauto.com\/fr\/vous-avez-une-question\/#breadcrumb\",\"itemListElement\":[{\"@type\":\"ListItem\",\"position\":1,\"name\":\"Home\",\"item\":\"https:\/\/www.ionoleggioauto.com\/fr\/\"},{\"@type\":\"ListItem\",\"position\":2,\"name\":\"Vous avez une question?\"}]},{\"@type\":\"WebSite\",\"@id\":\"https:\/\/www.ionoleggioauto.com\/#website\",\"url\":\"https:\/\/www.ionoleggioauto.com\/\",\"name\":\"www.ionoleggioauto.com\",\"description\":\"Confronta le Tariffe di Autonoleggio sul Web\",\"publisher\":{\"@id\":\"https:\/\/www.ionoleggioauto.com\/#organization\"},\"potentialAction\":[{\"@type\":\"SearchAction\",\"target\":{\"@type\":\"EntryPoint\",\"urlTemplate\":\"https:\/\/www.ionoleggioauto.com\/?s={search_term_string}\"},\"query-input\":{\"@type\":\"PropertyValueSpecification\",\"valueRequired\":true,\"valueName\":\"search_term_string\"}}],\"inLanguage\":\"fr-FR\"},{\"@type\":\"Organization\",\"@id\":\"https:\/\/www.ionoleggioauto.com\/#organization\",\"name\":\"www.ionoleggioauto.com\",\"url\":\"https:\/\/www.ionoleggioauto.com\/\",\"logo\":{\"@type\":\"ImageObject\",\"inLanguage\":\"fr-FR\",\"@id\":\"https:\/\/www.ionoleggioauto.com\/#\/schema\/logo\/image\/\",\"url\":\"https:\/\/www.ionoleggioauto.com\/wp-content\/uploads\/2020\/04\/logo_ionoleggioauto-1.png\",\"contentUrl\":\"https:\/\/www.ionoleggioauto.com\/wp-content\/uploads\/2020\/04\/logo_ionoleggioauto-1.png\",\"width\":300,\"height\":73,\"caption\":\"www.ionoleggioauto.com\"},\"image\":{\"@id\":\"https:\/\/www.ionoleggioauto.com\/#\/schema\/logo\/image\/\"},\"sameAs\":[\"https:\/\/www.facebook.com\/ionoleggioautoit\/\",\"https:\/\/x.com\/ionoleggioauto\",\"https:\/\/www.instagram.com\/ionoleggioauto\/\",\"https:\/\/www.linkedin.com\/company\/ionoleggioauto\",\"https:\/\/it.pinterest.com\/andreaguerra80\/ionoleggioauto_com\/\"]}]}<\/script>\n<!-- \/ Yoast SEO plugin. -->","yoast_head_json":{"title":"Frequently Asked Questions About Short Term Rental - ionoleggioauto.com","robots":{"index":"index","follow":"follow","max-snippet":"max-snippet:-1","max-image-preview":"max-image-preview:large","max-video-preview":"max-video-preview:-1"},"canonical":"https:\/\/www.ionoleggioauto.com\/fr\/vous-avez-une-question\/","og_locale":"fr_FR","og_type":"article","og_title":"Frequently Asked Questions About Short Term Rental - ionoleggioauto.com","og_description":"Nous ne sommes pas des fournisseurs directs de location de voiture, mais un moteur de recherche qui compare les tarifs qui vous permettront de trouver le prix le plus bas sur le march\u00e9. Vous trouverez ci-dessous nos questions fr\u00e9quentes aupr\u00e8s Leggi tutto ...","og_url":"https:\/\/www.ionoleggioauto.com\/fr\/vous-avez-une-question\/","og_site_name":"www.ionoleggioauto.com","article_publisher":"https:\/\/www.facebook.com\/ionoleggioautoit\/","article_modified_time":"2017-07-20T14:52:45+00:00","og_image":[{"width":800,"height":800,"url":"https:\/\/www.ionoleggioauto.com\/wp-content\/uploads\/2018\/02\/logoionoleggioauto.png?nopolish=1","type":"image\/png"}],"twitter_card":"summary_large_image","twitter_site":"@ionoleggioauto","twitter_misc":{"Dur\u00e9e de lecture estim\u00e9e":"1 minute"},"schema":{"@context":"https:\/\/schema.org","@graph":[{"@type":"WebPage","@id":"https:\/\/www.ionoleggioauto.com\/fr\/vous-avez-une-question\/","url":"https:\/\/www.ionoleggioauto.com\/fr\/vous-avez-une-question\/","name":"Frequently Asked Questions About Short Term Rental - ionoleggioauto.com","isPartOf":{"@id":"https:\/\/www.ionoleggioauto.com\/#website"},"datePublished":"2016-03-31T20:49:19+00:00","dateModified":"2017-07-20T14:52:45+00:00","breadcrumb":{"@id":"https:\/\/www.ionoleggioauto.com\/fr\/vous-avez-une-question\/#breadcrumb"},"inLanguage":"fr-FR","potentialAction":[{"@type":"ReadAction","target":["https:\/\/www.ionoleggioauto.com\/fr\/vous-avez-une-question\/"]}]},{"@type":"BreadcrumbList","@id":"https:\/\/www.ionoleggioauto.com\/fr\/vous-avez-une-question\/#breadcrumb","itemListElement":[{"@type":"ListItem","position":1,"name":"Home","item":"https:\/\/www.ionoleggioauto.com\/fr\/"},{"@type":"ListItem","position":2,"name":"Vous avez une question?"}]},{"@type":"WebSite","@id":"https:\/\/www.ionoleggioauto.com\/#website","url":"https:\/\/www.ionoleggioauto.com\/","name":"www.ionoleggioauto.com","description":"Confronta le Tariffe di Autonoleggio sul Web","publisher":{"@id":"https:\/\/www.ionoleggioauto.com\/#organization"},"potentialAction":[{"@type":"SearchAction","target":{"@type":"EntryPoint","urlTemplate":"https:\/\/www.ionoleggioauto.com\/?s={search_term_string}"},"query-input":{"@type":"PropertyValueSpecification","valueRequired":true,"valueName":"search_term_string"}}],"inLanguage":"fr-FR"},{"@type":"Organization","@id":"https:\/\/www.ionoleggioauto.com\/#organization","name":"www.ionoleggioauto.com","url":"https:\/\/www.ionoleggioauto.com\/","logo":{"@type":"ImageObject","inLanguage":"fr-FR","@id":"https:\/\/www.ionoleggioauto.com\/#\/schema\/logo\/image\/","url":"https:\/\/www.ionoleggioauto.com\/wp-content\/uploads\/2020\/04\/logo_ionoleggioauto-1.png","contentUrl":"https:\/\/www.ionoleggioauto.com\/wp-content\/uploads\/2020\/04\/logo_ionoleggioauto-1.png","width":300,"height":73,"caption":"www.ionoleggioauto.com"},"image":{"@id":"https:\/\/www.ionoleggioauto.com\/#\/schema\/logo\/image\/"},"sameAs":["https:\/\/www.facebook.com\/ionoleggioautoit\/","https:\/\/x.com\/ionoleggioauto","https:\/\/www.instagram.com\/ionoleggioauto\/","https:\/\/www.linkedin.com\/company\/ionoleggioauto","https:\/\/it.pinterest.com\/andreaguerra80\/ionoleggioauto_com\/"]}]}},"_links":{"self":[{"href":"https:\/\/www.ionoleggioauto.com\/fr\/wp-json\/wp\/v2\/pages\/15926","targetHints":{"allow":["GET"]}}],"collection":[{"href":"https:\/\/www.ionoleggioauto.com\/fr\/wp-json\/wp\/v2\/pages"}],"about":[{"href":"https:\/\/www.ionoleggioauto.com\/fr\/wp-json\/wp\/v2\/types\/page"}],"author":[{"embeddable":true,"href":"https:\/\/www.ionoleggioauto.com\/fr\/wp-json\/wp\/v2\/users\/1"}],"replies":[{"embeddable":true,"href":"https:\/\/www.ionoleggioauto.com\/fr\/wp-json\/wp\/v2\/comments?post=15926"}],"version-history":[{"count":0,"href":"https:\/\/www.ionoleggioauto.com\/fr\/wp-json\/wp\/v2\/pages\/15926\/revisions"}],"wp:attachment":[{"href":"https:\/\/www.ionoleggioauto.com\/fr\/wp-json\/wp\/v2\/media?parent=15926"}],"curies":[{"name":"wp","href":"https:\/\/api.w.org\/{rel}","templated":true}]}}